{"id":400,"date":"2022-01-18T21:53:15","date_gmt":"2022-01-18T20:53:15","guid":{"rendered":"https:\/\/oldtimerclubindian.com.pl\/?page_id=400"},"modified":"2022-02-09T21:00:18","modified_gmt":"2022-02-09T20:00:18","slug":"dodaj-post","status":"publish","type":"page","link":"https:\/\/oldtimerclubindian.com.pl\/?page_id=400","title":{"rendered":"Dodaj post!"},"content":{"rendered":"\n\n                <form class=\"wpuf-form-add wpuf-form-layout1 wpuf-theme-style\" action=\"\" method=\"post\">\n\n\n                   <script type=\"text\/javascript\">\n                        if ( typeof wpuf_conditional_items === 'undefined' ) {\n                            wpuf_conditional_items = [];\n                        }\n\n                        if ( typeof wpuf_plupload_items === 'undefined' ) {\n                            wpuf_plupload_items = [];\n                        }\n\n                        if ( typeof wpuf_map_items === 'undefined' ) {\n                            wpuf_map_items = [];\n                        }\n                    <\/script>\n\n                    <ul class=\"wpuf-form form-label-left\">\n\n                            <li class=\"wpuf-el post_title\" data-label=\"Tytu\u0142\">\n                    <div class=\"wpuf-label\">\n            <label for=\"post_title_391\">Tytu\u0142 <span class=\"required\">*<\/span><\/label>\n        <\/div>\n        \n            <div class=\"wpuf-fields\">\n                <input\n                    class=\"textfield wpuf_post_title_391\"\n                    id=\"post_title_391\"\n                    type=\"text\"\n                    data-duplicate=\"\"\n                    data-required=\"yes\"\n                    data-type=\"text\" name=\"post_title\"\n                    placeholder=\"Please enter your post name\"\n                    value=\"\"\n                    size=\"40\"\n                \/>\n\n                <span class=\"wpuf-wordlimit-message wpuf-help\"><\/span>\n                        <span class=\"wpuf-help\">Podaj tytu\u0142 swojego posta<\/span>\n                    <\/div>\n                    <\/li>\n        \n            <li class=\"wpuf-el autor field-size-large\" data-label=\"Autor\">\n\n                    <div class=\"wpuf-label\">\n            <label for=\"autor_391\">Autor <span class=\"required\">*<\/span><\/label>\n        <\/div>\n        \n            <div class=\"wpuf-fields\">\n                <input\n                    class=\"textfield wpuf_autor_391\"\n                    id=\"autor_391\"\n                    type=\"text\"\n                    data-required=\"yes\"\n                    data-type=\"text\" name=\"autor\"\n                    placeholder=\"\"\n                    value=\"\"\n                    size=\"40\"\n                \/>\n\n                <span class=\"wpuf-wordlimit-message wpuf-help\"><\/span>\n                        <span class=\"wpuf-help\">Podaj swoje imi\u0119, nazwisko czy pseudonim<\/span>\n                    <\/div>\n\n            \n        <\/li>\n\n                <\/li>\n            \n            <li class=\"wpuf-el adres_email field-size-large\" data-label=\"Adres email\">\n\n                    <div class=\"wpuf-label\">\n            <label for=\"adres_email_391\">Adres email <span class=\"required\">*<\/span><\/label>\n        <\/div>\n        \n            <div class=\"wpuf-fields\">\n                <input\n                    id=\"adres_email_391\"\n                    type=\"email\"\n                    class=\"email  wpuf_adres_email_391\"\n                    data-duplicate=\"no\"\n                    data-required=\"yes\"\n                    data-type=\"email\"\n                    name=\"adres_email\"\n                    placeholder=\"\"\n                    value=\"\"\n                    size=\"40\"\n                    autocomplete=\"email\"\n                \/>\n                        <span class=\"wpuf-help\">Podaj adres email, aby umo\u017cliwi\u0107 nam kontakt<\/span>\n                    <\/div>\n\n                <\/li>\n            \n        <li class=\"wpuf-el category\" data-label=\"Kategoria\">\n\n                <div class=\"wpuf-label\">\n            <label for=\"category_391\">Kategoria <span class=\"required\">*<\/span><\/label>\n        <\/div>\n                    <div class=\"wpuf-fields wpuf_category_select_393_391\">\n            <select data-required=\"yes\" data-type=\"select\"  name='category' id='category' class='category wpuf_category_391'>\n\t<option value='-1'>Wybierz kategori\u0119<\/option>\n\t<option class=\"level-0\" value=\"25\">AKTUALNOSCI<\/option>\n\t<option class=\"level-0\" value=\"20\">ARCHIWALIA<\/option>\n\t<option class=\"level-0\" value=\"14\">Nasze Indiany<\/option>\n\t<option class=\"level-0\" value=\"6\">Projekty<\/option>\n\t<option class=\"level-0\" value=\"21\">sezon 2022<\/option>\n\t<option class=\"level-0\" value=\"23\">sezon 2023<\/option>\n\t<option class=\"level-0\" value=\"26\">sezon 2024<\/option>\n\t<option class=\"level-0\" value=\"27\">SEZON 2025<\/option>\n\t<option class=\"level-0\" value=\"24\">wiedza<\/option>\n\t<option class=\"level-0\" value=\"1\">Wspomnienia<\/option>\n\t<option class=\"level-1\" value=\"9\">&nbsp;&nbsp;&nbsp;Indianem przez \u015bwiat<\/option>\n\t<option class=\"level-1\" value=\"10\">&nbsp;&nbsp;&nbsp;India\u0144skie opowie\u015bci<\/option>\n\t<option class=\"level-1\" value=\"8\">&nbsp;&nbsp;&nbsp;Z dziada pradziada<\/option>\n\t<option class=\"level-0\" value=\"22\">\u017cyczenia<\/option>\n<\/select>\n        <span class=\"wpuf-wordlimit-message wpuf-help\"><\/span>\n                <span class=\"wpuf-help\">Wybierz kategori\u0119 i podkategori\u0119, w kt\u00f3rej ma si\u0119 pojawi\u0107 Tw\u00f3j post<\/span>\n        \n            <li class=\"wpuf-el featured_image\" data-label=\"Zdj\u0119cia\">\n\n                    <div class=\"wpuf-label\">\n            <label for=\"featured_image_391\">Zdj\u0119cia<\/label>\n        <\/div>\n        \n        <div class=\"wpuf-fields\">\n            <div id=\"wpuf-featured_image-391-upload-container\">\n                <div class=\"wpuf-attachment-upload-filelist\" data-type=\"file\" data-required=\"no\">\n                    <a id=\"wpuf-featured_image-391-pickfiles\" data-form_id=\"391\" class=\"button file-selector  wpuf_featured_image_391\" href=\"#\">Dodaj zdj\u0119cie<\/a>\n\n                    <ul class=\"wpuf-attachment-list thumbnails\">\n\n                        \n                    <\/ul>\n                <\/div>\n            <\/div><!-- .container -->\n\n                    <span class=\"wpuf-help\">Za\u0142\u0105cz ciekawe zdj\u0119cia, aby wzbogaci\u0107 sw\u00f3j post<\/span>\n        \n        <\/div> <!-- .wpuf-fields -->\n\n        <script type=\"text\/javascript\">\n            ;(function($) {\n                $(document).ready( function(){\n                    var uploader = new WPUF_Uploader('wpuf-featured_image-391-pickfiles', 'wpuf-featured_image-391-upload-container', 1, 'featured_image', 'jpg,jpeg,gif,png,bmp', 1024);\n                    wpuf_plupload_items.push(uploader);\n                });\n            })(jQuery);\n        <\/script>\n\n                <\/li>\n                    <li class=\"wpuf-el post_content\" data-label=\"Opis \">\n                    <div class=\"wpuf-label\">\n            <label for=\"post_content_391\">Opis  <span class=\"required\">*<\/span><\/label>\n        <\/div>\n        \n                            <div class=\"wpuf-fields wpuf-rich-validation wpuf_post_content_391\" data-type=\"rich\" data-required=\"yes\" data-id=\"post_content_391\" data-name=\"post_content\">\n            \n                                <div id=\"wpuf-insert-image-container\">\n                    <a class=\"wpuf-button wpuf-insert-image\" id=\"wpuf-insert-image_391\" href=\"#\" data-form_id=\"391\">\n                        <span class=\"wpuf-media-icon\"><\/span>\n                            Insert Photo                    <\/a>\n                <\/div>\n\n                <script type=\"text\/javascript\">\n                    ;(function($) {\n                        $(document).ready( function(){\n                            WP_User_Frontend.insertImage('wpuf-insert-image_391', '391');\n                        });\n                    })(jQuery);\n                <\/script>\n                    <div id=\"wp-post_content_391-wrap\" class=\"wp-core-ui wp-editor-wrap tmce-active\"><link rel='stylesheet' id='dashicons-css' href='https:\/\/oldtimerclubindian.com.pl\/wp-includes\/css\/dashicons.min.css?ver=6.9.4' type='text\/css' media='all' \/>\n<link rel='stylesheet' id='editor-buttons-css' href='https:\/\/oldtimerclubindian.com.pl\/wp-includes\/css\/editor.min.css?ver=6.9.4' type='text\/css' media='all' \/>\n<div id=\"wp-post_content_391-editor-container\" class=\"wp-editor-container\"><textarea class=\"required wp-editor-area\" rows=\"20\" autocomplete=\"off\" cols=\"40\" name=\"post_content\" id=\"post_content_391\"><\/textarea><\/div>\n<\/div>\n\n\n                <span class=\"wpuf-help\">Podziel si\u0119 z nami i innymi u\u017cytkownikami swoj\u0105 hisotri\u0105<\/span>\n                <\/li>\n        \n        <li class=\"wpuf-submit\">\n            <div class=\"wpuf-label\">\n                &nbsp;\n            <\/div>\n\n            <input type=\"hidden\" id=\"_wpnonce\" name=\"_wpnonce\" value=\"7b0f63c623\" \/><input type=\"hidden\" name=\"_wp_http_referer\" value=\"\/index.php?rest_route=%2Fwp%2Fv2%2Fpages%2F400\" \/>            <input type=\"hidden\" name=\"form_id\" value=\"391\">\n            <input type=\"hidden\" name=\"page_id\" value=\"400\">\n            <input type=\"hidden\" id=\"del_attach\" name=\"delete_attachments[]\">\n            <input type=\"hidden\" name=\"action\" value=\"wpuf_submit_post\">\n\n            \n                            <input type=\"submit\" class=\"wpuf-submit-button wpuf_submit_391\" name=\"submit\" value=\"Opublikuj\" \/>\n            \n                    <\/li>\n\n        \n                    <\/ul>\n\n                <\/form>\n\n                \n","protected":false},"excerpt":{"rendered":"","protected":false},"author":1,"featured_media":0,"parent":0,"menu_order":0,"comment_status":"closed","ping_status":"closed","template":"","meta":{"ngg_post_thumbnail":0,"footnotes":""},"class_list":["post-400","page","type-page","status-publish","hentry"],"_links":{"self":[{"href":"https:\/\/oldtimerclubindian.com.pl\/index.php?rest_route=\/wp\/v2\/pages\/400","targetHints":{"allow":["GET"]}}],"collection":[{"href":"https:\/\/oldtimerclubindian.com.pl\/index.php?rest_route=\/wp\/v2\/pages"}],"about":[{"href":"https:\/\/oldtimerclubindian.com.pl\/index.php?rest_route=\/wp\/v2\/types\/page"}],"author":[{"embeddable":true,"href":"https:\/\/oldtimerclubindian.com.pl\/index.php?rest_route=\/wp\/v2\/users\/1"}],"replies":[{"embeddable":true,"href":"https:\/\/oldtimerclubindian.com.pl\/index.php?rest_route=%2Fwp%2Fv2%2Fcomments&post=400"}],"version-history":[{"count":1,"href":"https:\/\/oldtimerclubindian.com.pl\/index.php?rest_route=\/wp\/v2\/pages\/400\/revisions"}],"predecessor-version":[{"id":401,"href":"https:\/\/oldtimerclubindian.com.pl\/index.php?rest_route=\/wp\/v2\/pages\/400\/revisions\/401"}],"wp:attachment":[{"href":"https:\/\/oldtimerclubindian.com.pl\/index.php?rest_route=%2Fwp%2Fv2%2Fmedia&parent=400"}],"curies":[{"name":"wp","href":"https:\/\/api.w.org\/{rel}","templated":true}]}}