{"id":252,"date":"2022-01-15T11:36:32","date_gmt":"2022-01-15T10:36:32","guid":{"rendered":"https:\/\/oldtimerclubindian.com.pl\/?page_id=252"},"modified":"2022-02-12T15:56:27","modified_gmt":"2022-02-12T14:56:27","slug":"zdjecia","status":"publish","type":"page","link":"https:\/\/oldtimerclubindian.com.pl\/?page_id=252","title":{"rendered":"Galerie zdj\u0119\u0107"},"content":{"rendered":"\n<div class=\"wp-block-columns is-layout-flex wp-container-core-columns-is-layout-9d6595d7 wp-block-columns-is-layout-flex\">\n<div class=\"wp-block-column is-layout-flow wp-block-column-is-layout-flow\">\n<div class=\"wp-block-cover is-light has-custom-content-position is-position-bottom-center\"><span aria-hidden=\"true\" class=\"has-background-dim-0 wp-block-cover__gradient-background has-background-dim\"><\/span><img loading=\"lazy\" decoding=\"async\" width=\"557\" height=\"438\" class=\"wp-block-cover__image-background wp-image-1483\" alt=\"\" src=\"http:\/\/oldtimerclubindian.com.pl\/wp-content\/uploads\/2022\/02\/rusempm001-196-2.jpg\" style=\"object-position:72% 51%\" data-object-fit=\"cover\" data-object-position=\"72% 51%\" srcset=\"https:\/\/oldtimerclubindian.com.pl\/wp-content\/uploads\/2022\/02\/rusempm001-196-2.jpg 557w, https:\/\/oldtimerclubindian.com.pl\/wp-content\/uploads\/2022\/02\/rusempm001-196-2-300x236.jpg 300w\" sizes=\"auto, (max-width: 557px) 100vw, 557px\" \/><div class=\"wp-block-cover__inner-container is-layout-flow wp-block-cover-is-layout-flow\">\n<h2 class=\"has-text-align-center has-luminous-vivid-amber-color has-text-color has-x-large-font-size wp-block-heading\" id=\"indiany-na-wojnie\" style=\"font-style:normal;font-weight:900;text-transform:uppercase\">Indiany na wojnie<\/h2>\n<\/div><\/div>\n<\/div>\n\n\n\n<div class=\"wp-block-column is-layout-flow wp-block-column-is-layout-flow\">\n<div class=\"wp-block-cover aligncenter is-light has-custom-content-position is-position-bottom-center\"><span aria-hidden=\"true\" class=\"has-background-dim-10 wp-block-cover__gradient-background has-background-dim\"><\/span><img loading=\"lazy\" decoding=\"async\" width=\"399\" height=\"656\" class=\"wp-block-cover__image-background wp-image-1475\" alt=\"\" src=\"http:\/\/oldtimerclubindian.com.pl\/wp-content\/uploads\/2022\/02\/ssnm28_0021lekki111.jpg\" style=\"object-position:72% 44%\" data-object-fit=\"cover\" data-object-position=\"72% 44%\" srcset=\"https:\/\/oldtimerclubindian.com.pl\/wp-content\/uploads\/2022\/02\/ssnm28_0021lekki111.jpg 399w, https:\/\/oldtimerclubindian.com.pl\/wp-content\/uploads\/2022\/02\/ssnm28_0021lekki111-182x300.jpg 182w\" sizes=\"auto, (max-width: 399px) 100vw, 399px\" \/><div class=\"wp-block-cover__inner-container is-layout-flow wp-block-cover-is-layout-flow\">\n<h2 class=\"has-text-align-center has-luminous-vivid-amber-color has-text-color has-x-large-font-size wp-block-heading\" id=\"indiany-w-ii-rp\" style=\"font-style:normal;font-weight:900;text-transform:uppercase\">Indiany w II RP<\/h2>\n\n\n\n<p><\/p>\n<\/div><\/div>\n<\/div>\n\n\n\n<div class=\"wp-block-column is-layout-flow wp-block-column-is-layout-flow\">\n<div class=\"wp-block-cover is-light has-custom-content-position is-position-bottom-center\"><span aria-hidden=\"true\" class=\"has-background-dim-10 wp-block-cover__gradient-background has-background-dim\"><\/span><img loading=\"lazy\" decoding=\"async\" width=\"720\" height=\"900\" class=\"wp-block-cover__image-background wp-image-1513\" alt=\"\" src=\"http:\/\/oldtimerclubindian.com.pl\/wp-content\/uploads\/2022\/02\/3dba19c2103894c849bd29fad8bc1e05.jpg\" data-object-fit=\"cover\" srcset=\"https:\/\/oldtimerclubindian.com.pl\/wp-content\/uploads\/2022\/02\/3dba19c2103894c849bd29fad8bc1e05.jpg 720w, https:\/\/oldtimerclubindian.com.pl\/wp-content\/uploads\/2022\/02\/3dba19c2103894c849bd29fad8bc1e05-240x300.jpg 240w\" sizes=\"auto, (max-width: 720px) 100vw, 720px\" \/><div class=\"wp-block-cover__inner-container is-layout-flow wp-block-cover-is-layout-flow\">\n<h2 class=\"has-text-align-center has-luminous-vivid-amber-color has-text-color has-x-large-font-size wp-block-heading\" id=\"indiany-na-swiecie\" style=\"font-style:normal;font-weight:900;text-transform:uppercase\">indiany na \u015bwiecie <\/h2>\n<\/div><\/div>\n<\/div>\n<\/div>\n\n\n\n<div class=\"wp-block-columns is-layout-flex wp-container-core-columns-is-layout-9d6595d7 wp-block-columns-is-layout-flex\">\n<div class=\"wp-block-column is-layout-flow wp-block-column-is-layout-flow\">\n<h2 class=\"has-text-align-center wp-block-heading\" id=\"zobacz-galerie\" style=\"font-style:italic;font-weight:700;text-transform:uppercase\"><a href=\"http:\/\/oldtimerclubindian.com.pl\/?page_id=1522\" data-type=\"URL\" data-id=\"http:\/\/oldtimerclubindian.com.pl\/?page_id=1522\">zobacz galeri\u0119 <\/a><\/h2>\n<\/div>\n\n\n\n<div class=\"wp-block-column is-layout-flow wp-block-column-is-layout-flow\">\n<h2 class=\"has-text-align-center wp-block-heading\" id=\"zobacz-galerie-1\" style=\"font-style:italic;font-weight:700;text-transform:uppercase\"><a href=\"http:\/\/oldtimerclubindian.com.pl\/?page_id=1496\" data-type=\"URL\" data-id=\"http:\/\/oldtimerclubindian.com.pl\/?page_id=1496\">zobacz galeri\u0119<\/a> <\/h2>\n<\/div>\n\n\n\n<div class=\"wp-block-column is-layout-flow wp-block-column-is-layout-flow\">\n<h2 class=\"has-text-align-center wp-block-heading\" id=\"zobacz-galerie-2\" style=\"font-style:italic;font-weight:700;text-transform:uppercase\"><a href=\"http:\/\/oldtimerclubindian.com.pl\/?page_id=1517\" data-type=\"URL\" data-id=\"http:\/\/oldtimerclubindian.com.pl\/?page_id=1517\">zobacz galeri\u0119<\/a><\/h2>\n\n\n\n<h2 class=\"has-text-align-center wp-block-heading\" id=\"zobacz-galerie-2\" style=\"font-style:italic;font-weight:700;text-transform:uppercase\"> <\/h2>\n<\/div>\n<\/div>\n\n\n\n<div class=\"wp-block-group\"><div class=\"wp-block-group__inner-container is-layout-flow wp-block-group-is-layout-flow\">\n<p><\/p>\n<\/div><\/div>\n","protected":false},"excerpt":{"rendered":"<p>zobacz galeri\u0119 zobacz galeri\u0119 zobacz galeri\u0119<\/p>\n","protected":false},"author":1,"featured_media":0,"parent":0,"menu_order":0,"comment_status":"closed","ping_status":"closed","template":"","meta":{"ngg_post_thumbnail":0,"footnotes":""},"class_list":["post-252","page","type-page","status-publish","hentry"],"_links":{"self":[{"href":"https:\/\/oldtimerclubindian.com.pl\/index.php?rest_route=\/wp\/v2\/pages\/252","targetHints":{"allow":["GET"]}}],"collection":[{"href":"https:\/\/oldtimerclubindian.com.pl\/index.php?rest_route=\/wp\/v2\/pages"}],"about":[{"href":"https:\/\/oldtimerclubindian.com.pl\/index.php?rest_route=\/wp\/v2\/types\/page"}],"author":[{"embeddable":true,"href":"https:\/\/oldtimerclubindian.com.pl\/index.php?rest_route=\/wp\/v2\/users\/1"}],"replies":[{"embeddable":true,"href":"https:\/\/oldtimerclubindian.com.pl\/index.php?rest_route=%2Fwp%2Fv2%2Fcomments&post=252"}],"version-history":[{"count":53,"href":"https:\/\/oldtimerclubindian.com.pl\/index.php?rest_route=\/wp\/v2\/pages\/252\/revisions"}],"predecessor-version":[{"id":1525,"href":"https:\/\/oldtimerclubindian.com.pl\/index.php?rest_route=\/wp\/v2\/pages\/252\/revisions\/1525"}],"wp:attachment":[{"href":"https:\/\/oldtimerclubindian.com.pl\/index.php?rest_route=%2Fwp%2Fv2%2Fmedia&parent=252"}],"curies":[{"name":"wp","href":"https:\/\/api.w.org\/{rel}","templated":true}]}}