{"id":184,"date":"2022-01-14T17:44:22","date_gmt":"2022-01-14T16:44:22","guid":{"rendered":"https:\/\/oldtimerclubindian.com.pl\/?page_id=184"},"modified":"2026-02-10T10:37:56","modified_gmt":"2026-02-10T09:37:56","slug":"strona-glowna","status":"publish","type":"page","link":"https:\/\/oldtimerclubindian.com.pl\/","title":{"rendered":""},"content":{"rendered":"\n<div style=\"height:74px\" aria-hidden=\"true\" class=\"wp-block-spacer\"><\/div>\n\n\n\n<div class=\"wp-block-columns is-layout-flex wp-container-core-columns-is-layout-9d6595d7 wp-block-columns-is-layout-flex\">\n<div class=\"wp-block-column is-layout-flow wp-block-column-is-layout-flow\" style=\"flex-basis:50%\"><div class=\"wp-block-image\">\n<figure class=\"aligncenter size-full\"><img loading=\"lazy\" decoding=\"async\" width=\"437\" height=\"599\" src=\"https:\/\/oldtimerclubindian.com.pl\/wp-content\/uploads\/2026\/02\/1000043245-004maly.png\" alt=\"\" class=\"wp-image-4964\" srcset=\"https:\/\/oldtimerclubindian.com.pl\/wp-content\/uploads\/2026\/02\/1000043245-004maly.png 437w, https:\/\/oldtimerclubindian.com.pl\/wp-content\/uploads\/2026\/02\/1000043245-004maly-219x300.png 219w\" sizes=\"auto, (max-width: 437px) 100vw, 437px\" \/><\/figure>\n<\/div><\/div>\n\n\n\n<div class=\"wp-block-column is-layout-flow wp-block-column-is-layout-flow\" style=\"flex-basis:30%\">\n<p><\/p>\n\n\n\n<p><\/p>\n\n\n\n<p><\/p>\n\n\n\n<p class=\"has-text-align-center has-medium-font-size\">Oldtimer Club Poland Sekcja Indian serdecznie zaprasza wszystkich posiadaczy i mi\u0142o\u015bnik\u00f3w klasycznych motocykli Indian wyprodukowanych do roku 1953 na kolejn\u0105 edycj\u0119 Vintage Indian Days.<br>W tym roku zlot odb\u0119dzie si\u0119 w dniach 28-30 sierpnia w O\u015brodku Szkoleniowo-Wypoczynkowym ,, Morsko Plus&#8221; w malowniczej scenerii Jury Krakowsko-Cz\u0119stochowskiej.<br>W najbli\u017cszym czasie przeka\u017cemy wi\u0119cej informacji na temat imprezy oraz udost\u0119pnimy formularz zg\u0142oszeniowy.<br><br><\/p>\n<\/div>\n<\/div>\n\n\n\n<div style=\"height:6px\" aria-hidden=\"true\" class=\"wp-block-spacer\"><\/div>\n\n\n\n<div style=\"height:62px\" aria-hidden=\"true\" class=\"wp-block-spacer\"><\/div>\n\n\n\n<div class=\"wp-block-columns is-layout-flex wp-container-core-columns-is-layout-9d6595d7 wp-block-columns-is-layout-flex\">\n<div class=\"wp-block-column is-vertically-aligned-center is-layout-flow wp-block-column-is-layout-flow\" style=\"flex-basis:33.34%\">\n<blockquote class=\"wp-block-quote is-style-large is-layout-flow wp-block-quote-is-layout-flow\">\n<p>Tworzymy przestrze\u0144 do dzielenia si\u0119 pasj\u0105 i mi\u0142o\u015bci\u0105 do motocykli Indian. <br><br>Nasza internetowa spo\u0142eczno\u015b\u0107 ma na celu wymian\u0119 wiedzy, do\u015bwiadcze\u0144 i nawi\u0105zywanie kontakt\u00f3w. <\/p>\n<\/blockquote>\n<\/div>\n\n\n\n<div class=\"wp-block-column is-layout-flow wp-block-column-is-layout-flow\"><\/div>\n\n\n\n<div class=\"wp-block-column is-vertically-aligned-center has-large-font-size is-layout-flow wp-block-column-is-layout-flow\" style=\"flex-basis:33.34%\">\n<figure class=\"wp-block-image size-full\"><img loading=\"lazy\" decoding=\"async\" width=\"400\" height=\"600\" src=\"http:\/\/oldtimerclubindian.com.pl\/wp-content\/uploads\/2022\/02\/PhotoFunia-16443205621111.jpg\" alt=\"\" class=\"wp-image-1288\" srcset=\"https:\/\/oldtimerclubindian.com.pl\/wp-content\/uploads\/2022\/02\/PhotoFunia-16443205621111.jpg 400w, https:\/\/oldtimerclubindian.com.pl\/wp-content\/uploads\/2022\/02\/PhotoFunia-16443205621111-200x300.jpg 200w\" sizes=\"auto, (max-width: 400px) 100vw, 400px\" \/><\/figure>\n<\/div>\n\n\n\n<div class=\"wp-block-column is-vertically-aligned-center is-layout-flow wp-block-column-is-layout-flow\" style=\"flex-basis:33.33%\">\n<div class=\"wp-block-cover aligncenter\" style=\"min-height:415px;aspect-ratio:unset;\"><img loading=\"lazy\" decoding=\"async\" width=\"750\" height=\"563\" class=\"wp-block-cover__image-background wp-image-1260\" alt=\"\" src=\"http:\/\/oldtimerclubindian.com.pl\/wp-content\/uploads\/2022\/02\/PhotoFunia-1644319178.jpg\" style=\"object-position:38% 53%\" data-object-fit=\"cover\" data-object-position=\"38% 53%\" srcset=\"https:\/\/oldtimerclubindian.com.pl\/wp-content\/uploads\/2022\/02\/PhotoFunia-1644319178.jpg 750w, https:\/\/oldtimerclubindian.com.pl\/wp-content\/uploads\/2022\/02\/PhotoFunia-1644319178-300x225.jpg 300w\" sizes=\"auto, (max-width: 750px) 100vw, 750px\" \/><span aria-hidden=\"true\" class=\"wp-block-cover__background has-background-dim-30 has-background-dim\"><\/span><div class=\"wp-block-cover__inner-container is-layout-flow wp-block-cover-is-layout-flow\">\n<h2 class=\"wp-block-heading has-text-align-center has-vivid-red-color has-text-color has-large-font-size\" id=\"opublikuj\" style=\"font-style:normal;font-weight:800\">              <a href=\"http:\/\/oldtimerclubindian.com.pl\/?page_id=400\" data-type=\"URL\" data-id=\"http:\/\/oldtimerclubindian.com.pl\/?page_id=400\">Opublikuj<\/a><\/h2>\n\n\n\n<p><\/p>\n\n\n\n<div class=\"wp-block-group\"><div class=\"wp-block-group__inner-container is-layout-flow wp-block-group-is-layout-flow\">\n<div class=\"wp-block-group\"><div class=\"wp-block-group__inner-container is-layout-flow wp-block-group-is-layout-flow\">\n<p class=\"has-text-align-center has-white-color has-text-color\" id=\"tworzmy-wspolnie-kolekcje-indianow-w-polsce\" style=\"font-style:normal;font-weight:700\">Tw\u00f3rzmy wsp\u00f3lnie kolekcj\u0119 Indian\u00f3w w Polsce<\/p>\n<\/div><\/div>\n<\/div><\/div>\n\n\n\n<p class=\"has-text-align-center has-white-color has-text-color\" style=\"font-style:normal;font-weight:700\">Opublikuj zdj\u0119cie, opis i kr\u00f3tk\u0105 histori\u0119 swojego pojazdu<\/p>\n<\/div><\/div>\n<\/div>\n<\/div>\n\n\n\n<div style=\"height:30px\" aria-hidden=\"true\" class=\"wp-block-spacer\"><\/div>\n\n\n\n<hr class=\"wp-block-separator has-text-color has-css-opacity has-background is-style-wide\" style=\"background-color:#97121e;color:#97121e\"\/>\n\n\n\n<div style=\"height:30px\" aria-hidden=\"true\" class=\"wp-block-spacer\"><\/div>\n\n\n\n<div class=\"wp-block-columns is-layout-flex wp-container-core-columns-is-layout-9d6595d7 wp-block-columns-is-layout-flex\">\n<div class=\"wp-block-column is-vertically-aligned-center is-layout-flow wp-block-column-is-layout-flow\" style=\"flex-basis:50%\">\n<p class=\"has-text-align-center has-medium-font-size\">Wczytaj si\u0119 w wyj\u0105tkowe historie, aby poczu\u0107 si\u0119 jak podczas rajdowych wieczor\u00f3w przy ognisku wype\u0142nionych rozmowami o niezwyk\u0142ych przygodach. Sprawd\u017a jakie projekty obecnie realizuj\u0105 inni pasjonaci lub jakiej &#8220;premiery&#8221; tego roku wyczekiwa\u0107. Poznaj atmosfer\u0119 ubieg\u0142ych dekad przegl\u0105daj\u0105c materia\u0142y, kt\u00f3re uda\u0142o nam si\u0119 pozyska\u0107.<\/p>\n<\/div>\n\n\n\n<div class=\"wp-block-column is-layout-flow wp-block-column-is-layout-flow\" style=\"flex-basis:50%\">\n<blockquote class=\"wp-block-quote is-style-large is-layout-flow wp-block-quote-is-layout-flow\">\n<p>Historii Indiana w Polsce nie opowiemy w kilku postach, ale mo\u017ce chocia\u017c cz\u0119\u015b\u0107 tej wiedzy jeste\u015bmy w stanie skatalogowa\u0107 z pomoc\u0105 naszej spo\u0142eczno\u015bci. <a href=\"https:\/\/oldtimerclubindian.com.pl\/index.php\/dodaj-post\/\">Czekamy na wszelkie wpisy<\/a>, kt\u00f3re z dum\u0105 opublikujemy na stronie!<\/p>\n<\/blockquote>\n<\/div>\n<\/div>\n\n\n\n<div class=\"wp-block-group\"><div class=\"wp-block-group__inner-container is-layout-flow wp-block-group-is-layout-flow\">\n<div class=\"wp-block-columns is-layout-flex wp-container-core-columns-is-layout-9d6595d7 wp-block-columns-is-layout-flex\">\n<div class=\"wp-block-column is-layout-flow wp-block-column-is-layout-flow\">\n<div class=\"wp-block-cover is-light has-custom-content-position is-position-bottom-center\"><img loading=\"lazy\" decoding=\"async\" width=\"500\" height=\"665\" class=\"wp-block-cover__image-background wp-image-1255\" alt=\"\" src=\"http:\/\/oldtimerclubindian.com.pl\/wp-content\/uploads\/2022\/02\/IMG_20220206_121715_850.jpg\" style=\"object-position:42% 69%\" data-object-fit=\"cover\" data-object-position=\"42% 69%\" srcset=\"https:\/\/oldtimerclubindian.com.pl\/wp-content\/uploads\/2022\/02\/IMG_20220206_121715_850.jpg 500w, https:\/\/oldtimerclubindian.com.pl\/wp-content\/uploads\/2022\/02\/IMG_20220206_121715_850-226x300.jpg 226w\" sizes=\"auto, (max-width: 500px) 100vw, 500px\" \/><span aria-hidden=\"true\" class=\"wp-block-cover__background has-background-dim-30 has-background-dim\"><\/span><div class=\"wp-block-cover__inner-container is-layout-flow wp-block-cover-is-layout-flow\">\n<h2 class=\"wp-block-heading has-text-align-center has-text-color has-large-font-size\" id=\"wspomnienia\" style=\"color:#93a2af;font-style:normal;font-weight:900\"><a href=\"http:\/\/oldtimerclubindian.com.pl\/?cat=1\" data-type=\"URL\" data-id=\"http:\/\/oldtimerclubindian.com.pl\/?cat=1\">Wspomnieni<strong>a<\/strong><\/a><\/h2>\n\n\n\n<p class=\"has-text-align-center has-white-color has-text-color\" style=\"font-style:normal;font-weight:700\">Historie naszej spo\u0142eczno\u015bci<\/p>\n<\/div><\/div>\n<\/div>\n\n\n\n<div class=\"wp-block-column is-layout-flow wp-block-column-is-layout-flow\">\n<div class=\"wp-block-cover is-light has-custom-content-position is-position-top-center\"><img loading=\"lazy\" decoding=\"async\" width=\"1254\" height=\"1672\" class=\"wp-block-cover__image-background wp-image-1197\" alt=\"\" src=\"http:\/\/oldtimerclubindian.com.pl\/wp-content\/uploads\/2022\/02\/IMG_20220206_120413_636lekki-3.jpg\" style=\"object-position:100% 92%\" data-object-fit=\"cover\" data-object-position=\"100% 92%\" srcset=\"https:\/\/oldtimerclubindian.com.pl\/wp-content\/uploads\/2022\/02\/IMG_20220206_120413_636lekki-3.jpg 1254w, https:\/\/oldtimerclubindian.com.pl\/wp-content\/uploads\/2022\/02\/IMG_20220206_120413_636lekki-3-225x300.jpg 225w, https:\/\/oldtimerclubindian.com.pl\/wp-content\/uploads\/2022\/02\/IMG_20220206_120413_636lekki-3-768x1024.jpg 768w, https:\/\/oldtimerclubindian.com.pl\/wp-content\/uploads\/2022\/02\/IMG_20220206_120413_636lekki-3-1152x1536.jpg 1152w, https:\/\/oldtimerclubindian.com.pl\/wp-content\/uploads\/2022\/02\/IMG_20220206_120413_636lekki-3-1140x1520.jpg 1140w\" sizes=\"auto, (max-width: 1254px) 100vw, 1254px\" \/><span aria-hidden=\"true\" class=\"wp-block-cover__background has-background-dim-30 has-background-dim\"><\/span><div class=\"wp-block-cover__inner-container is-layout-flow wp-block-cover-is-layout-flow\">\n<h2 class=\"wp-block-heading has-cyan-bluish-gray-color has-text-color has-large-font-size\" id=\"projekty\" style=\"font-style:normal;font-weight:900\"><mark style=\"background-color:rgba(0, 0, 0, 0)\" class=\"has-inline-color has-vivid-red-color\"><strong><a href=\"http:\/\/oldtimerclubindian.com.pl\/?cat=6\">Projekty<\/a><\/strong><\/mark><\/h2>\n\n\n\n<p class=\"has-text-align-center has-white-color has-text-color\" style=\"font-style:normal;font-weight:700;text-transform:capitalize\">co jak i za ile<\/p>\n<\/div><\/div>\n<\/div>\n\n\n\n<div class=\"wp-block-column is-layout-flow wp-block-column-is-layout-flow\">\n<div class=\"wp-block-cover is-light has-custom-content-position is-position-bottom-center\"><img loading=\"lazy\" decoding=\"async\" width=\"1254\" height=\"1672\" class=\"wp-block-cover__image-background wp-image-1248\" alt=\"\" src=\"http:\/\/oldtimerclubindian.com.pl\/wp-content\/uploads\/2022\/02\/IMG_20220206_125612_784lekki-1.jpg\" style=\"object-position:56% 75%\" data-object-fit=\"cover\" data-object-position=\"56% 75%\" srcset=\"https:\/\/oldtimerclubindian.com.pl\/wp-content\/uploads\/2022\/02\/IMG_20220206_125612_784lekki-1.jpg 1254w, https:\/\/oldtimerclubindian.com.pl\/wp-content\/uploads\/2022\/02\/IMG_20220206_125612_784lekki-1-225x300.jpg 225w, https:\/\/oldtimerclubindian.com.pl\/wp-content\/uploads\/2022\/02\/IMG_20220206_125612_784lekki-1-768x1024.jpg 768w, https:\/\/oldtimerclubindian.com.pl\/wp-content\/uploads\/2022\/02\/IMG_20220206_125612_784lekki-1-1152x1536.jpg 1152w, https:\/\/oldtimerclubindian.com.pl\/wp-content\/uploads\/2022\/02\/IMG_20220206_125612_784lekki-1-1140x1520.jpg 1140w\" sizes=\"auto, (max-width: 1254px) 100vw, 1254px\" \/><span aria-hidden=\"true\" class=\"wp-block-cover__background has-background-dim-30 has-background-dim\"><\/span><div class=\"wp-block-cover__inner-container is-layout-flow wp-block-cover-is-layout-flow\">\n<h2 class=\"wp-block-heading has-text-align-center has-cyan-bluish-gray-color has-text-color has-large-font-size\" id=\"archiwalia\" style=\"font-style:normal;font-weight:500\"><strong><a href=\"http:\/\/oldtimerclubindian.com.pl\/?cat=20\" data-type=\"URL\" data-id=\"http:\/\/oldtimerclubindian.com.pl\/?cat=20\">Archiwalia<\/a><\/strong><\/h2>\n\n\n\n<p><\/p>\n\n\n\n<p><\/p>\n\n\n\n<p class=\"has-text-align-center has-white-color has-text-color\" style=\"font-style:normal;font-weight:700\">Zdj\u0119cia jeszcze czarno-bia\u0142e<\/p>\n<\/div><\/div>\n<\/div>\n<\/div>\n<\/div><\/div>\n\n\n\n<div style=\"height:30px\" aria-hidden=\"true\" class=\"wp-block-spacer\"><\/div>\n\n\n\n<hr class=\"wp-block-separator has-text-color has-css-opacity has-background is-style-wide\" style=\"background-color:#97121e;color:#97121e\"\/>\n\n\n\n<div style=\"height:30px\" aria-hidden=\"true\" class=\"wp-block-spacer\"><\/div>\n\n\n\n<div class=\"wp-block-columns is-layout-flex wp-container-core-columns-is-layout-9d6595d7 wp-block-columns-is-layout-flex\">\n<div class=\"wp-block-column is-layout-flow wp-block-column-is-layout-flow\" style=\"flex-basis:70%\">\n<div class=\"wp-block-cover is-light has-custom-content-position is-position-bottom-center\"><img loading=\"lazy\" decoding=\"async\" width=\"1773\" height=\"2364\" class=\"wp-block-cover__image-background wp-image-1157\" alt=\"\" src=\"http:\/\/oldtimerclubindian.com.pl\/wp-content\/uploads\/2022\/02\/IMG_20220206_124526_761sredni.jpg\" data-object-fit=\"cover\" srcset=\"https:\/\/oldtimerclubindian.com.pl\/wp-content\/uploads\/2022\/02\/IMG_20220206_124526_761sredni.jpg 1773w, https:\/\/oldtimerclubindian.com.pl\/wp-content\/uploads\/2022\/02\/IMG_20220206_124526_761sredni-225x300.jpg 225w, https:\/\/oldtimerclubindian.com.pl\/wp-content\/uploads\/2022\/02\/IMG_20220206_124526_761sredni-768x1024.jpg 768w, https:\/\/oldtimerclubindian.com.pl\/wp-content\/uploads\/2022\/02\/IMG_20220206_124526_761sredni-1152x1536.jpg 1152w, https:\/\/oldtimerclubindian.com.pl\/wp-content\/uploads\/2022\/02\/IMG_20220206_124526_761sredni-1536x2048.jpg 1536w, https:\/\/oldtimerclubindian.com.pl\/wp-content\/uploads\/2022\/02\/IMG_20220206_124526_761sredni-1140x1520.jpg 1140w\" sizes=\"auto, (max-width: 1773px) 100vw, 1773px\" \/><span aria-hidden=\"true\" class=\"wp-block-cover__background has-background-dim-30 has-background-dim\"><\/span><div class=\"wp-block-cover__inner-container is-layout-flow wp-block-cover-is-layout-flow\">\n<h2 class=\"wp-block-heading has-text-align-center has-large-font-size\" id=\"nadchodzace-rajdy\" style=\"font-style:normal;font-weight:800\"><a href=\"http:\/\/oldtimerclubindian.com.pl\/?page_id=172\" data-type=\"URL\" data-id=\"http:\/\/oldtimerclubindian.com.pl\/?page_id=172\">Nadchodz\u0105ce rajdy<\/a><\/h2>\n\n\n\n<p><\/p>\n\n\n\n<p class=\"has-text-align-center has-white-color has-text-color\" style=\"font-style:normal;font-weight:700\">Spotkajmy si\u0119 ju\u017c nied\u0142ugo w atmosferze pasji do zabytkowych pojazd\u00f3w!<\/p>\n<\/div><\/div>\n<\/div>\n\n\n\n<div class=\"wp-block-column is-vertically-aligned-center is-layout-flow wp-block-column-is-layout-flow\" style=\"flex-basis:30%\">\n<blockquote class=\"wp-block-quote is-style-large is-layout-flow wp-block-quote-is-layout-flow\">\n<p>Mi\u0142o\u015bnicy Indiana to r\u00f3wnie\u017c mi\u0142o\u015bnicy prawdziwych relacji oraz wymiany wiedzy i informacji w motocyklowej atmosferze.<\/p>\n<cite> Sprawd\u017a kiedy i gdzie do nas do\u0142\u0105czy\u0107 i wzboga\u0107 nasz peleton swoim Indianem <\/cite><\/blockquote>\n<\/div>\n<\/div>\n\n\n\n<div class=\"wp-block-cover aligncenter\" style=\"min-height:551px;aspect-ratio:unset;\"><img loading=\"lazy\" decoding=\"async\" width=\"1177\" height=\"882\" class=\"wp-block-cover__image-background wp-image-1433\" alt=\"\" src=\"http:\/\/oldtimerclubindian.com.pl\/wp-content\/uploads\/2022\/02\/P7280467lekki.jpg\" style=\"object-position:50% 49%\" data-object-fit=\"cover\" data-object-position=\"50% 49%\" srcset=\"https:\/\/oldtimerclubindian.com.pl\/wp-content\/uploads\/2022\/02\/P7280467lekki.jpg 1177w, https:\/\/oldtimerclubindian.com.pl\/wp-content\/uploads\/2022\/02\/P7280467lekki-300x225.jpg 300w, https:\/\/oldtimerclubindian.com.pl\/wp-content\/uploads\/2022\/02\/P7280467lekki-1024x767.jpg 1024w, https:\/\/oldtimerclubindian.com.pl\/wp-content\/uploads\/2022\/02\/P7280467lekki-768x576.jpg 768w, https:\/\/oldtimerclubindian.com.pl\/wp-content\/uploads\/2022\/02\/P7280467lekki-1140x854.jpg 1140w\" sizes=\"auto, (max-width: 1177px) 100vw, 1177px\" \/><span aria-hidden=\"true\" class=\"wp-block-cover__background has-background-dim-40 has-background-dim\"><\/span><div class=\"wp-block-cover__inner-container is-layout-flow wp-block-cover-is-layout-flow\">\n<h2 class=\"wp-block-heading has-text-align-center has-vivid-red-color has-text-color has-large-font-size\" id=\"indian-rally-poland\" style=\"font-style:normal;font-weight:800;text-transform:uppercase\">                <a href=\"http:\/\/oldtimerclubindian.com.pl\/?page_id=1430\" data-type=\"URL\" data-id=\"http:\/\/oldtimerclubindian.com.pl\/?page_id=1430\"> Indian Rally  Poland<\/a><\/h2>\n\n\n\n<p><\/p>\n\n\n\n<h2 class=\"wp-block-heading has-text-align-center has-vivid-red-color has-text-color has-x-large-font-size\" id=\"2012\" style=\"font-style:normal;font-weight:900\">                                                                               <a href=\"http:\/\/oldtimerclubindian.com.pl\/?page_id=1430\" data-type=\"URL\" data-id=\"http:\/\/oldtimerclubindian.com.pl\/?page_id=1430\">2012<\/a><\/h2>\n\n\n\n<p><\/p>\n\n\n\n<p class=\"has-white-color has-text-color\" style=\"font-style:normal;font-weight:600\">Stw\u00f3rzmy histori\u0119 tego wydarzenia <\/p>\n<\/div><\/div>\n\n\n\n<div style=\"height:20px\" aria-hidden=\"true\" class=\"wp-block-spacer\"><\/div>\n\n\n\n<h2 class=\"wp-block-heading\" id=\"ostatnie-wpisy\"><a href=\"https:\/\/oldtimerclubindian.com.pl\/index.php\/ostatnie-wpisy\/\">Ostatnie wpisy<\/a><\/h2>\n\n\n\n<div class=\"wp-block-query is-layout-flow wp-block-query-is-layout-flow\"><ul class=\"wp-block-post-template is-layout-flow wp-block-post-template-is-layout-flow\"><li class=\"wp-block-post post-4855 post type-post status-publish format-standard has-post-thumbnail hentry category-sezon-2025\">\n\n<div class=\"wp-block-columns alignwide is-layout-flex wp-container-core-columns-is-layout-9d6595d7 wp-block-columns-is-layout-flex\">\n<div class=\"wp-block-column is-layout-flow wp-block-column-is-layout-flow\" style=\"flex-basis:66.66%\"><ul class=\"wp-block-latest-posts__list wp-block-latest-posts\"><li><a class=\"wp-block-latest-posts__post-title\" href=\"https:\/\/oldtimerclubindian.com.pl\/?p=4855\">INTERNATIONAL RALLY 2025-DANIA<\/a><\/li>\n<li><a class=\"wp-block-latest-posts__post-title\" href=\"https:\/\/oldtimerclubindian.com.pl\/?p=4805\">Indian Chief 1948<\/a><\/li>\n<li><a class=\"wp-block-latest-posts__post-title\" href=\"https:\/\/oldtimerclubindian.com.pl\/?p=4690\">INDIAN POWERPLUS\u00a0 1917r, 1000ccm<\/a><\/li>\n<li><a class=\"wp-block-latest-posts__post-title\" href=\"https:\/\/oldtimerclubindian.com.pl\/?p=4674\">INDIAN SPORT SCOUT 1936 r.<\/a><\/li>\n<li><a class=\"wp-block-latest-posts__post-title\" href=\"https:\/\/oldtimerclubindian.com.pl\/?p=4661\">INDIAN &#8220;STANDAT SCOUT&#8221;-Hybryda 1000ccm<\/a><\/li>\n<\/ul><\/div>\n<\/div>\n\n<\/li><\/ul><\/div>\n\n\n\n<p><\/p>\n","protected":false},"excerpt":{"rendered":"<p>Oldtimer Club Poland Sekcja Indian serdecznie zaprasza wszystkich posiadaczy i mi\u0142o\u015bnik\u00f3w klasycznych motocykli Indian wyprodukowanych do roku 1953 na kolejn\u0105 edycj\u0119 Vintage Indian Days.W tym roku zlot odb\u0119dzie si\u0119 w dniach 28-30 sierpnia w O\u015brodku Szkoleniowo-Wypoczynkowym ,, Morsko Plus&#8221; w malowniczej scenerii Jury Krakowsko-Cz\u0119stochowskiej.W najbli\u017cszym czasie przeka\u017cemy wi\u0119cej informacji na temat imprezy oraz udost\u0119pnimy formularz zg\u0142oszeniowy. Tworzymy przestrze\u0144 do dzielenia si\u0119 pasj\u0105 i mi\u0142o\u015bci\u0105 do motocykli Indian. Nasza internetowa spo\u0142eczno\u015b\u0107 ma na celu wymian\u0119 wiedzy, do\u015bwiadcze\u0144 i nawi\u0105zywanie kontakt\u00f3w. Wczytaj si\u0119 w wyj\u0105tkowe historie, aby poczu\u0107 si\u0119 jak podczas rajdowych wieczor\u00f3w przy ognisku wype\u0142nionych rozmowami o niezwyk\u0142ych przygodach. Sprawd\u017a jakie projekty obecnie realizuj\u0105 inni pasjonaci lub jakiej &#8220;premiery&#8221; tego roku wyczekiwa\u0107. Poznaj atmosfer\u0119 ubieg\u0142ych dekad przegl\u0105daj\u0105c materia\u0142y, kt\u00f3re uda\u0142o nam si\u0119 pozyska\u0107. Historii Indiana w Polsce nie opowiemy w kilku postach, ale mo\u017ce chocia\u017c cz\u0119\u015b\u0107 tej wiedzy jeste\u015bmy w stanie skatalogowa\u0107 z pomoc\u0105 naszej spo\u0142eczno\u015bci. Czekamy na wszelkie wpisy, kt\u00f3re z dum\u0105 opublikujemy na stronie! Mi\u0142o\u015bnicy Indiana to r\u00f3wnie\u017c mi\u0142o\u015bnicy prawdziwych relacji oraz wymiany wiedzy i informacji w motocyklowej atmosferze. Ostatnie wpisy<\/p>\n","protected":false},"author":1,"featured_media":0,"parent":0,"menu_order":0,"comment_status":"closed","ping_status":"closed","template":"","meta":{"ngg_post_thumbnail":0,"footnotes":""},"class_list":["post-184","page","type-page","status-publish","hentry"],"_links":{"self":[{"href":"https:\/\/oldtimerclubindian.com.pl\/index.php?rest_route=\/wp\/v2\/pages\/184","targetHints":{"allow":["GET"]}}],"collection":[{"href":"https:\/\/oldtimerclubindian.com.pl\/index.php?rest_route=\/wp\/v2\/pages"}],"about":[{"href":"https:\/\/oldtimerclubindian.com.pl\/index.php?rest_route=\/wp\/v2\/types\/page"}],"author":[{"embeddable":true,"href":"https:\/\/oldtimerclubindian.com.pl\/index.php?rest_route=\/wp\/v2\/users\/1"}],"replies":[{"embeddable":true,"href":"https:\/\/oldtimerclubindian.com.pl\/index.php?rest_route=%2Fwp%2Fv2%2Fcomments&post=184"}],"version-history":[{"count":225,"href":"https:\/\/oldtimerclubindian.com.pl\/index.php?rest_route=\/wp\/v2\/pages\/184\/revisions"}],"predecessor-version":[{"id":4974,"href":"https:\/\/oldtimerclubindian.com.pl\/index.php?rest_route=\/wp\/v2\/pages\/184\/revisions\/4974"}],"wp:attachment":[{"href":"https:\/\/oldtimerclubindian.com.pl\/index.php?rest_route=%2Fwp%2Fv2%2Fmedia&parent=184"}],"curies":[{"name":"wp","href":"https:\/\/api.w.org\/{rel}","templated":true}]}}